{"id":611,"date":"2021-12-08T21:25:35","date_gmt":"2021-12-08T21:25:35","guid":{"rendered":"http:\/\/archifamily.rs\/?page_id=611"},"modified":"2023-08-23T10:28:20","modified_gmt":"2023-08-23T10:28:20","slug":"ravanicka-44","status":"publish","type":"page","link":"https:\/\/archifamily.rs\/en\/ravanicka-44\/","title":{"rendered":"Ravani\u010dka 44"},"content":{"rendered":"<div data-elementor-type=\"wp-page\" data-elementor-id=\"611\" class=\"elementor elementor-611\">\n\t\t\t\t\t\t\t\t\t<section class=\"elementor-section elementor-top-section elementor-element elementor-element-30ea262 elementor-section-boxed elementor-section-height-default elementor-section-height-default\" data-id=\"30ea262\" data-element_type=\"section\" data-settings=\"{&quot;background_background&quot;:&quot;classic&quot;}\">\n\t\t\t\t\t\t\t<div class=\"elementor-background-overlay\"><\/div>\n\t\t\t\t\t\t\t<div class=\"elementor-container elementor-column-gap-default\">\n\t\t\t\t\t<div class=\"elementor-column elementor-col-100 elementor-top-column elementor-element elementor-element-3448f6c\" data-id=\"3448f6c\" data-element_type=\"column\">\n\t\t\t<div class=\"elementor-widget-wrap elementor-element-populated\">\n\t\t\t\t\t\t\t\t<div class=\"elementor-element elementor-element-c3aefb8 elementor-arrows-position-inside elementor-pagination-position-outside elementor-widget elementor-widget-image-carousel\" data-id=\"c3aefb8\" data-element_type=\"widget\" data-settings=\"{&quot;slides_to_show&quot;:&quot;1&quot;,&quot;navigation&quot;:&quot;both&quot;,&quot;autoplay&quot;:&quot;yes&quot;,&quot;pause_on_hover&quot;:&quot;yes&quot;,&quot;pause_on_interaction&quot;:&quot;yes&quot;,&quot;autoplay_speed&quot;:5000,&quot;infinite&quot;:&quot;yes&quot;,&quot;effect&quot;:&quot;slide&quot;,&quot;speed&quot;:500}\" data-widget_type=\"image-carousel.default\">\n\t\t\t\t<div class=\"elementor-widget-container\">\n\t\t\t<style>\/*! elementor - v3.18.0 - 08-12-2023 *\/\n.elementor-widget-image-carousel .swiper,.elementor-widget-image-carousel .swiper-container{position:static}.elementor-widget-image-carousel .swiper-container .swiper-slide figure,.elementor-widget-image-carousel .swiper .swiper-slide figure{line-height:inherit}.elementor-widget-image-carousel .swiper-slide{text-align:center}.elementor-image-carousel-wrapper:not(.swiper-container-initialized):not(.swiper-initialized) .swiper-slide{max-width:calc(100% \/ var(--e-image-carousel-slides-to-show, 3))}<\/style>\t\t<div class=\"elementor-image-carousel-wrapper swiper-container\" dir=\"ltr\">\n\t\t\t<div class=\"elementor-image-carousel swiper-wrapper\" aria-live=\"off\">\n\t\t\t\t\t\t\t\t<div class=\"swiper-slide\" role=\"group\" aria-roledescription=\"slide\" aria-label=\"1 of 15\"><figure class=\"swiper-slide-inner\"><img decoding=\"async\" class=\"swiper-slide-image\" src=\"https:\/\/archifamily.rs\/wp-content\/uploads\/2023\/08\/1-Ravanicka-44.jpg\" alt=\"1-Ravanicka-44\" \/><\/figure><\/div><div class=\"swiper-slide\" role=\"group\" aria-roledescription=\"slide\" aria-label=\"2 of 15\"><figure class=\"swiper-slide-inner\"><img decoding=\"async\" class=\"swiper-slide-image\" src=\"https:\/\/archifamily.rs\/wp-content\/uploads\/2023\/08\/2-Ravanicka-44.jpg\" alt=\"2-Ravanicka-44\" \/><\/figure><\/div><div class=\"swiper-slide\" role=\"group\" aria-roledescription=\"slide\" aria-label=\"3 of 15\"><figure class=\"swiper-slide-inner\"><img decoding=\"async\" class=\"swiper-slide-image\" src=\"https:\/\/archifamily.rs\/wp-content\/uploads\/2023\/08\/3-Ravanicka-44.jpg\" alt=\"3-Ravanicka-44\" \/><\/figure><\/div><div class=\"swiper-slide\" role=\"group\" aria-roledescription=\"slide\" aria-label=\"4 of 15\"><figure class=\"swiper-slide-inner\"><img decoding=\"async\" class=\"swiper-slide-image\" src=\"https:\/\/archifamily.rs\/wp-content\/uploads\/2023\/08\/4-Ravanicka-44.jpg\" alt=\"4-Ravanicka-44\" \/><\/figure><\/div><div class=\"swiper-slide\" role=\"group\" aria-roledescription=\"slide\" aria-label=\"5 of 15\"><figure class=\"swiper-slide-inner\"><img decoding=\"async\" class=\"swiper-slide-image\" src=\"https:\/\/archifamily.rs\/wp-content\/uploads\/2023\/08\/5-Ravanicka-44.jpg\" alt=\"5-Ravanicka-44\" \/><\/figure><\/div><div class=\"swiper-slide\" role=\"group\" aria-roledescription=\"slide\" aria-label=\"6 of 15\"><figure class=\"swiper-slide-inner\"><img decoding=\"async\" class=\"swiper-slide-image\" src=\"https:\/\/archifamily.rs\/wp-content\/uploads\/2023\/08\/6-Ravanicka-44.jpg\" alt=\"6-Ravanicka-44\" \/><\/figure><\/div><div class=\"swiper-slide\" role=\"group\" aria-roledescription=\"slide\" aria-label=\"7 of 15\"><figure class=\"swiper-slide-inner\"><img decoding=\"async\" class=\"swiper-slide-image\" src=\"https:\/\/archifamily.rs\/wp-content\/uploads\/2023\/08\/7-Ravanicka-44.jpg\" alt=\"7-Ravanicka-44\" \/><\/figure><\/div><div class=\"swiper-slide\" role=\"group\" aria-roledescription=\"slide\" aria-label=\"8 of 15\"><figure class=\"swiper-slide-inner\"><img decoding=\"async\" class=\"swiper-slide-image\" src=\"https:\/\/archifamily.rs\/wp-content\/uploads\/2023\/08\/8-Ravanicka-44.jpg\" alt=\"8-Ravanicka-44\" \/><\/figure><\/div><div class=\"swiper-slide\" role=\"group\" aria-roledescription=\"slide\" aria-label=\"9 of 15\"><figure class=\"swiper-slide-inner\"><img decoding=\"async\" class=\"swiper-slide-image\" src=\"https:\/\/archifamily.rs\/wp-content\/uploads\/2023\/08\/9-Ravanicka-44.jpg\" alt=\"9-Ravanicka-44\" \/><\/figure><\/div><div class=\"swiper-slide\" role=\"group\" aria-roledescription=\"slide\" aria-label=\"10 of 15\"><figure class=\"swiper-slide-inner\"><img decoding=\"async\" class=\"swiper-slide-image\" src=\"https:\/\/archifamily.rs\/wp-content\/uploads\/2023\/08\/10-Ravanicka-44.jpg\" alt=\"10-Ravanicka-44\" \/><\/figure><\/div><div class=\"swiper-slide\" role=\"group\" aria-roledescription=\"slide\" aria-label=\"11 of 15\"><figure class=\"swiper-slide-inner\"><img decoding=\"async\" class=\"swiper-slide-image\" src=\"https:\/\/archifamily.rs\/wp-content\/uploads\/2023\/08\/11-Ravanicka-44.jpg\" alt=\"11-Ravanicka-44\" \/><\/figure><\/div><div class=\"swiper-slide\" role=\"group\" aria-roledescription=\"slide\" aria-label=\"12 of 15\"><figure class=\"swiper-slide-inner\"><img decoding=\"async\" class=\"swiper-slide-image\" src=\"https:\/\/archifamily.rs\/wp-content\/uploads\/2023\/08\/12-Ravanicka-44.jpg\" alt=\"12-Ravanicka-44\" \/><\/figure><\/div><div class=\"swiper-slide\" role=\"group\" aria-roledescription=\"slide\" aria-label=\"13 of 15\"><figure class=\"swiper-slide-inner\"><img decoding=\"async\" class=\"swiper-slide-image\" src=\"https:\/\/archifamily.rs\/wp-content\/uploads\/2023\/08\/13-Ravanicka-44.jpg\" alt=\"13-Ravanicka-44\" \/><\/figure><\/div><div class=\"swiper-slide\" role=\"group\" aria-roledescription=\"slide\" aria-label=\"14 of 15\"><figure class=\"swiper-slide-inner\"><img decoding=\"async\" class=\"swiper-slide-image\" src=\"https:\/\/archifamily.rs\/wp-content\/uploads\/2023\/08\/14-Ravanicka-44.jpg\" alt=\"14-Ravanicka-44\" \/><\/figure><\/div><div class=\"swiper-slide\" role=\"group\" aria-roledescription=\"slide\" aria-label=\"15 of 15\"><figure class=\"swiper-slide-inner\"><img decoding=\"async\" class=\"swiper-slide-image\" src=\"https:\/\/archifamily.rs\/wp-content\/uploads\/2023\/08\/15-Ravanicka-44.jpg\" alt=\"15-Ravanicka-44\" \/><\/figure><\/div>\t\t\t<\/div>\n\t\t\t\t\t\t\t\t\t\t\t\t<div class=\"elementor-swiper-button elementor-swiper-button-prev\" role=\"button\" tabindex=\"0\">\n\t\t\t\t\t\t<i aria-hidden=\"true\" class=\"eicon-chevron-left\"><\/i>\t\t\t\t\t<\/div>\n\t\t\t\t\t<div class=\"elementor-swiper-button elementor-swiper-button-next\" role=\"button\" tabindex=\"0\">\n\t\t\t\t\t\t<i aria-hidden=\"true\" class=\"eicon-chevron-right\"><\/i>\t\t\t\t\t<\/div>\n\t\t\t\t\n\t\t\t\t\t\t\t\t\t<div class=\"swiper-pagination\"><\/div>\n\t\t\t\t\t\t\t\t\t<\/div>\n\t\t\t\t<\/div>\n\t\t\t\t<\/div>\n\t\t\t\t\t<\/div>\n\t\t<\/div>\n\t\t\t\t\t\t\t<\/div>\n\t\t<\/section>\n\t\t\t\t<section class=\"elementor-section elementor-top-section elementor-element elementor-element-bf97fad elementor-section-boxed elementor-section-height-default elementor-section-height-default\" data-id=\"bf97fad\" data-element_type=\"section\" data-settings=\"{&quot;background_background&quot;:&quot;classic&quot;}\">\n\t\t\t\t\t\t\t<div class=\"elementor-background-overlay\"><\/div>\n\t\t\t\t\t\t\t<div class=\"elementor-container elementor-column-gap-default\">\n\t\t\t\t\t<div class=\"elementor-column elementor-col-100 elementor-top-column elementor-element elementor-element-63f8f96\" data-id=\"63f8f96\" data-element_type=\"column\">\n\t\t\t<div class=\"elementor-widget-wrap elementor-element-populated\">\n\t\t\t\t\t\t\t\t<div class=\"elementor-element elementor-element-0929e94 elementor-widget elementor-widget-heading bdevs-el heading\" data-id=\"0929e94\" data-element_type=\"widget\" data-settings=\"{&quot;design_style&quot;:&quot;style_1&quot;}\" data-widget_type=\"heading.default\">\n\t\t\t\t<div class=\"elementor-widget-container\">\n\t\t\t<style>\/*! elementor - v3.18.0 - 08-12-2023 *\/\n.elementor-heading-title{padding:0;margin:0;line-height:1}.elementor-widget-heading .elementor-heading-title[class*=elementor-size-]>a{color:inherit;font-size:inherit;line-height:inherit}.elementor-widget-heading .elementor-heading-title.elementor-size-small{font-size:15px}.elementor-widget-heading .elementor-heading-title.elementor-size-medium{font-size:19px}.elementor-widget-heading .elementor-heading-title.elementor-size-large{font-size:29px}.elementor-widget-heading .elementor-heading-title.elementor-size-xl{font-size:39px}.elementor-widget-heading .elementor-heading-title.elementor-size-xxl{font-size:59px}<\/style>\r\n        \r\n        <div class=\"section-title text-center pos-rel\">\r\n            <div class=\"section-text pos-rel\">\r\n                \r\n                <h1 class=\"section-title shape\">Ravani\u010dka 44   <span>.<\/span><\/h1>                \r\n                            <\/div>\r\n        <\/div>\r\n        \r\n        \r\n        \t\t<\/div>\n\t\t\t\t<\/div>\n\t\t\t\t\t<\/div>\n\t\t<\/div>\n\t\t\t\t\t\t\t<\/div>\n\t\t<\/section>\n\t\t\t\t<section class=\"elementor-section elementor-top-section elementor-element elementor-element-325383f elementor-section-boxed elementor-section-height-default elementor-section-height-default\" data-id=\"325383f\" data-element_type=\"section\" data-settings=\"{&quot;background_background&quot;:&quot;classic&quot;}\">\n\t\t\t\t\t\t\t<div class=\"elementor-background-overlay\"><\/div>\n\t\t\t\t\t\t\t<div class=\"elementor-container elementor-column-gap-default\">\n\t\t\t\t\t<div class=\"elementor-column elementor-col-100 elementor-top-column elementor-element elementor-element-9d72d1a\" data-id=\"9d72d1a\" data-element_type=\"column\">\n\t\t\t<div class=\"elementor-widget-wrap elementor-element-populated\">\n\t\t\t\t\t\t\t\t<div class=\"elementor-element elementor-element-ea59ab8 elementor-align-left elementor-icon-list--layout-traditional elementor-list-item-link-full_width elementor-widget elementor-widget-icon-list\" data-id=\"ea59ab8\" data-element_type=\"widget\" data-widget_type=\"icon-list.default\">\n\t\t\t\t<div class=\"elementor-widget-container\">\n\t\t\t<link rel=\"stylesheet\" href=\"https:\/\/archifamily.rs\/wp-content\/plugins\/elementor\/assets\/css\/widget-icon-list.min.css\">\t\t<ul class=\"elementor-icon-list-items\">\n\t\t\t\t\t\t\t<li class=\"elementor-icon-list-item\">\n\t\t\t\t\t\t\t\t\t\t\t<span class=\"elementor-icon-list-icon\">\n\t\t\t\t\t\t\t<i aria-hidden=\"true\" class=\"fas fa-map-marker-alt\"><\/i>\t\t\t\t\t\t<\/span>\n\t\t\t\t\t\t\t\t\t\t<span class=\"elementor-icon-list-text\"><b>Lokacija: <\/b>Ravani\u010dka 44, Zvezdara, Beograd<\/span>\n\t\t\t\t\t\t\t\t\t<\/li>\n\t\t\t\t\t\t\t\t<li class=\"elementor-icon-list-item\">\n\t\t\t\t\t\t\t\t\t\t\t<span class=\"elementor-icon-list-icon\">\n\t\t\t\t\t\t\t<i aria-hidden=\"true\" class=\"fas fa-building\"><\/i>\t\t\t\t\t\t<\/span>\n\t\t\t\t\t\t\t\t\t\t<span class=\"elementor-icon-list-text\"><b>Tip objekta: <\/b>Stambeno \u2013 poslovni objekat<\/span>\n\t\t\t\t\t\t\t\t\t<\/li>\n\t\t\t\t\t\t\t\t<li class=\"elementor-icon-list-item\">\n\t\t\t\t\t\t\t\t\t\t\t<span class=\"elementor-icon-list-icon\">\n\t\t\t\t\t\t\t<i aria-hidden=\"true\" class=\"fas fa-check-square\"><\/i>\t\t\t\t\t\t<\/span>\n\t\t\t\t\t\t\t\t\t\t<span class=\"elementor-icon-list-text\"><b>Status: <\/b>Izveden<\/span>\n\t\t\t\t\t\t\t\t\t<\/li>\n\t\t\t\t\t\t\t\t<li class=\"elementor-icon-list-item\">\n\t\t\t\t\t\t\t\t\t\t\t<span class=\"elementor-icon-list-icon\">\n\t\t\t\t\t\t\t<i aria-hidden=\"true\" class=\"fas fa-calendar-alt\"><\/i>\t\t\t\t\t\t<\/span>\n\t\t\t\t\t\t\t\t\t\t<span class=\"elementor-icon-list-text\"><b>Godina: <\/b>2018. \u2013 2020.<\/span>\n\t\t\t\t\t\t\t\t\t<\/li>\n\t\t\t\t\t\t\t\t<li class=\"elementor-icon-list-item\">\n\t\t\t\t\t\t\t\t\t\t\t<span class=\"elementor-icon-list-icon\">\n\t\t\t\t\t\t\t<i aria-hidden=\"true\" class=\"fas fa-ruler-combined\"><\/i>\t\t\t\t\t\t<\/span>\n\t\t\t\t\t\t\t\t\t\t<span class=\"elementor-icon-list-text\"><b>Povr\u0161ina: <\/b>7100 m<sup>2<\/sup><\/span>\n\t\t\t\t\t\t\t\t\t<\/li>\n\t\t\t\t\t\t\t\t<li class=\"elementor-icon-list-item\">\n\t\t\t\t\t\t\t\t\t\t\t<span class=\"elementor-icon-list-icon\">\n\t\t\t\t\t\t\t<i aria-hidden=\"true\" class=\"fas fa-pencil-ruler\"><\/i>\t\t\t\t\t\t<\/span>\n\t\t\t\t\t\t\t\t\t\t<span class=\"elementor-icon-list-text\"><b>Anga\u017eman: <\/b>Projektovanje, investiranje, projektovo\u0111enje, izvo\u0111enje i  stru\u010dni nadzor<\/span>\n\t\t\t\t\t\t\t\t\t<\/li>\n\t\t\t\t\t\t<\/ul>\n\t\t\t\t<\/div>\n\t\t\t\t<\/div>\n\t\t\t\t\t<\/div>\n\t\t<\/div>\n\t\t\t\t\t\t\t<\/div>\n\t\t<\/section>\n\t\t\t\t<section class=\"elementor-section elementor-top-section elementor-element elementor-element-49f11cf elementor-section-boxed elementor-section-height-default elementor-section-height-default\" data-id=\"49f11cf\" data-element_type=\"section\" data-settings=\"{&quot;background_background&quot;:&quot;classic&quot;}\">\n\t\t\t\t\t\t\t<div class=\"elementor-background-overlay\"><\/div>\n\t\t\t\t\t\t\t<div class=\"elementor-container elementor-column-gap-default\">\n\t\t\t\t\t<div class=\"elementor-column elementor-col-100 elementor-top-column elementor-element elementor-element-5afdd07\" data-id=\"5afdd07\" data-element_type=\"column\">\n\t\t\t<div class=\"elementor-widget-wrap elementor-element-populated\">\n\t\t\t\t\t\t\t\t<div class=\"elementor-element elementor-element-6a1fa37 elementor-widget elementor-widget-text-editor\" data-id=\"6a1fa37\" data-element_type=\"widget\" data-widget_type=\"text-editor.default\">\n\t\t\t\t<div class=\"elementor-widget-container\">\n\t\t\t<style>\/*! elementor - v3.18.0 - 08-12-2023 *\/\n.elementor-widget-text-editor.elementor-drop-cap-view-stacked .elementor-drop-cap{background-color:#69727d;color:#fff}.elementor-widget-text-editor.elementor-drop-cap-view-framed .elementor-drop-cap{color:#69727d;border:3px solid;background-color:transparent}.elementor-widget-text-editor:not(.elementor-drop-cap-view-default) .elementor-drop-cap{margin-top:8px}.elementor-widget-text-editor:not(.elementor-drop-cap-view-default) .elementor-drop-cap-letter{width:1em;height:1em}.elementor-widget-text-editor .elementor-drop-cap{float:left;text-align:center;line-height:1;font-size:50px}.elementor-widget-text-editor .elementor-drop-cap-letter{display:inline-block}<\/style>\t\t\t\t<p>Stambeno \u2013 poslovni objekat Ravani\u010dka 44, nalazi se na uglu ulica Ravani\u010dke i Radojke Laki\u0107, Zvezdarara, Beograd.<\/p><p>Objekat se sastoji od devet eta\u017ea, od kojih su dve podzemne &#8211; gara\u017ee, prizemlja, pet spratova i povu\u010denog sprata.<\/p><p>Pristup podzemnim eta\u017eama ostvaruje se putem dvosmerne interne saobra\u0107ajnice &#8211; rampe, osvetljene no\u0107nim ambijentalnim osvetljenjem i pe\u0161a\u010dkog trotoara. Na oba nivoa gara\u017ea ukupno je sme\u0161teno 69 parking mesta, kao i neophodne tehni\u010dke prostorije.<\/p><p>Strukturu nadzemnog dela objekta \u010dini ukupno pedeset devet jedinica, razli\u010ditih namena i veli\u010dina. Pedeset jedinica je namenjeno stanovanju, pet poslovanju i \u010detiri ateljea.<\/p><p>Pe\u0161a\u010dki pristup objektu je ostvaren iz Ravani\u010dke ulice. U okviru ulazne zone je sme\u0161tena i portirnica, iz koje ovla\u0161\u0107eno lice vr\u0161i kontrolu pristupa objektu, koji je kompletno pokriven video nadzorom. Vertikalna komunikacija kroz objekat odvija se pomo\u0107u ventilisanog i osvetljenog stepeni\u0161ta i dva putni\u010dka lifta.<\/p><p>U materijalizaciji fasade objekta dominantna je upotreba prirodnog kamena u kombinaciji sa dekorativnim malterom. \u0160paletne oko svih prozora izvedene su od prirodnog kamena. Poplo\u010davanje svih horizontalnih i vertikalnih komunikacija u objektu ura\u0111eno je tako\u0111e prirodnim kamenom u kombinaciji sa granitnom keramikom.<\/p><p>Posebna pa\u017enja posve\u0107ena je hortikulturnom ure\u0111enju objekta. U parteru &#8211; u pristupnom delu\u00a0 objekta izvedeno je sedam \u017eardinjera ukra\u0161enih prirodnim kamenom I ambijentalnim osvetljenjem, oplemenjenih prikladnim zasadima u direktnom kontaktu sa tlom,. Ograda povu\u010dene eta\u017ee prema ulicama, u du\u017eini od oko sedamdeset metara, izvedena je kao \u017eardinjera sa dubokim zasadom i oplemenjena adekvatnim zelenilom I sistemima zalivanja.<\/p>\t\t\t\t\t\t<\/div>\n\t\t\t\t<\/div>\n\t\t\t\t\t<\/div>\n\t\t<\/div>\n\t\t\t\t\t\t\t<\/div>\n\t\t<\/section>\n\t\t\t\t\t\t\t<\/div>","protected":false},"excerpt":{"rendered":"<p>Previous Next Ravani\u010dka 44 . Lokacija: Ravani\u010dka 44, Zvezdara, Beograd Tip objekta: Stambeno \u2013 poslovni objekat Status: Izveden Godina: 2018. \u2013 2020. Povr\u0161ina: 7100 m2 Anga\u017eman: Projektovanje, investiranje, projektovo\u0111enje, izvo\u0111enje i stru\u010dni nadzor Stambeno \u2013 poslovni objekat Ravani\u010dka 44, nalazi se na uglu ulica Ravani\u010dke i Radojke Laki\u0107, Zvezdarara, Beograd. Objekat se sastoji od devet [&hellip;]<\/p>","protected":false},"author":1,"featured_media":0,"parent":0,"menu_order":0,"comment_status":"closed","ping_status":"closed","template":"elementor_header_footer","meta":{"footnotes":""},"class_list":["post-611","page","type-page","status-publish","hentry"],"acf":[],"_links":{"self":[{"href":"https:\/\/archifamily.rs\/en\/wp-json\/wp\/v2\/pages\/611","targetHints":{"allow":["GET"]}}],"collection":[{"href":"https:\/\/archifamily.rs\/en\/wp-json\/wp\/v2\/pages"}],"about":[{"href":"https:\/\/archifamily.rs\/en\/wp-json\/wp\/v2\/types\/page"}],"author":[{"embeddable":true,"href":"https:\/\/archifamily.rs\/en\/wp-json\/wp\/v2\/users\/1"}],"replies":[{"embeddable":true,"href":"https:\/\/archifamily.rs\/en\/wp-json\/wp\/v2\/comments?post=611"}],"version-history":[{"count":83,"href":"https:\/\/archifamily.rs\/en\/wp-json\/wp\/v2\/pages\/611\/revisions"}],"predecessor-version":[{"id":2280,"href":"https:\/\/archifamily.rs\/en\/wp-json\/wp\/v2\/pages\/611\/revisions\/2280"}],"wp:attachment":[{"href":"https:\/\/archifamily.rs\/en\/wp-json\/wp\/v2\/media?parent=611"}],"curies":[{"name":"wp","href":"https:\/\/api.w.org\/{rel}","templated":true}]}}