{"id":541,"date":"2021-12-14T13:07:28","date_gmt":"2021-12-14T13:07:28","guid":{"rendered":"http:\/\/archifamily.rs\/?page_id=541"},"modified":"2022-09-20T09:44:49","modified_gmt":"2022-09-20T09:44:49","slug":"o-nama","status":"publish","type":"page","link":"https:\/\/archifamily.rs\/en\/o-nama\/","title":{"rendered":"About Us"},"content":{"rendered":"<div data-elementor-type=\"wp-page\" data-elementor-id=\"541\" class=\"elementor elementor-541\">\n\t\t\t\t\t\t\t\t\t<section class=\"elementor-section elementor-top-section elementor-element elementor-element-d720295 elementor-section-full_width elementor-section-height-default elementor-section-height-default\" data-id=\"d720295\" data-element_type=\"section\" data-settings=\"{&quot;background_background&quot;:&quot;classic&quot;}\">\n\t\t\t\t\t\t<div class=\"elementor-container elementor-column-gap-no\">\n\t\t\t\t\t<div class=\"elementor-column elementor-col-100 elementor-top-column elementor-element elementor-element-b1245d9\" data-id=\"b1245d9\" data-element_type=\"column\">\n\t\t\t<div class=\"elementor-widget-wrap elementor-element-populated\">\n\t\t\t\t\t\t\t\t<div class=\"elementor-element elementor-element-285dfc9 elementor-hidden-desktop elementor-hidden-tablet elementor-hidden-mobile elementor-widget elementor-widget-about bdevs-el about\" data-id=\"285dfc9\" data-element_type=\"widget\" data-settings=\"{&quot;design_style&quot;:&quot;style_3&quot;}\" data-widget_type=\"about.default\">\n\t\t\t\t<div class=\"elementor-widget-container\">\n\t\t\t\r\n                <section class=\"about-area\">\r\n            <div class=\"container\">\r\n                <div class=\"row\">\r\n                    <div class=\"col-xl-6 col-lg-5\">\r\n                        <div class=\"about-left-side pos-rel mb-30\">\r\n                                                        <div class=\"about-front-img pos-rel\">\r\n                                <img decoding=\"async\" src=\"https:\/\/archifamily.rs\/wp-content\/uploads\/2022\/09\/ONama2-1.jpg\" alt=\"img\">\r\n\r\n                                                            <\/div>\r\n                                                    <\/div>\r\n                    <\/div>\r\n                    <div class=\"col-xl-6 col-lg-7\">\r\n                        <div class=\"about-right-side pt-30 mb-30\">\r\n                            <div class=\"about-title mb-20\">\r\n                                                                <h5 class=\"sub-title\">About Us<\/h5>\r\n                                                                                                    <h1 class=\"section-title\">JEDNA PORODI\u010cNA PRI\u010cA<span>.<\/span><\/h1>                                                            <\/div>\r\n                                                        <div class=\"about-text mb-50\">\r\n                                <p>Archifamily d.o.o. je firma osnovana u Beogradu, 2020. godine , \u010diji su osniva\u010di 3 in\u017eenjera arhitekture: Ljubomir Jovanovi\u0107 , Ivan Jovanovi\u0107 i kao najmla\u0111i \u010dlan Jovan Jovanovi\u0107.<\/p>\r\n                            <\/div>\r\n                            \r\n                            <div class=\"our-destination\">\r\n                                                                <div class=\"single-item mb-30\">\r\n                                    <div class=\"mv-icon f-left\">\r\n                                                                            <\/div>\r\n                                    <div class=\"mv-title fix\">\r\n                                        \r\n                                                                                <p>Stambeno \u2013 poslovni objekat u ulici Patrijarha Gavrila broj 10, u neposrednoj blizini Vukovog spomenika, projektovan je i izveden u periodu od 2012. do 2013. godine. Objekat se ukupno sastoji od sedam eta\u017ea, od kojih je jedna podzemna \u2013 gara\u017ea, prizemlje, \u010detiri sprata i povu\u010deni sprat. Strukturu \u010dini dvanaest stambenih jedinica i jedna jedinica komercijalne namene. <\/p>\r\n                                                                            <\/div>\r\n                                <\/div>\r\n                                                                <div class=\"single-item mb-30\">\r\n                                    <div class=\"mv-icon f-left\">\r\n                                                                            <\/div>\r\n                                    <div class=\"mv-title fix\">\r\n                                        \r\n                                                                                <p>Posebna pa\u017enja posve\u0107ena je prednjoj fasadi objekta, koja je projektovana i izvedena kao spoj moderne arhitekture i arhitekture starog Beograda. <\/p>\r\n                                                                            <\/div>\r\n                                <\/div>\r\n                                                                <div class=\"single-item mb-30\">\r\n                                    <div class=\"mv-icon f-left\">\r\n                                                                            <\/div>\r\n                                    <div class=\"mv-title fix\">\r\n                                                                                <h3>DRU\u0160TVO ZA PROJEKTOVANJE, IN\u017dENJERING, KONSALTING I GRADNJU<\/h3>\r\n                                        \r\n                                                                            <\/div>\r\n                                <\/div>\r\n                                                            <\/div>\r\n                        <\/div>\r\n                    <\/div>\r\n                <\/div>\r\n            <\/div>\r\n        <\/section>   \r\n\r\n        \r\n        \t\t<\/div>\n\t\t\t\t<\/div>\n\t\t\t\t\t<\/div>\n\t\t<\/div>\n\t\t\t\t\t\t\t<\/div>\n\t\t<\/section>\n\t\t\t\t<section class=\"elementor-section elementor-top-section elementor-element elementor-element-617a0b3 elementor-section-full_width elementor-section-height-default elementor-section-height-default\" data-id=\"617a0b3\" data-element_type=\"section\">\n\t\t\t\t\t\t<div class=\"elementor-container elementor-column-gap-no\">\n\t\t\t\t\t<div class=\"elementor-column elementor-col-100 elementor-top-column elementor-element elementor-element-3e17e2e7\" data-id=\"3e17e2e7\" data-element_type=\"column\" data-settings=\"{&quot;background_background&quot;:&quot;classic&quot;}\">\n\t\t\t<div class=\"elementor-widget-wrap elementor-element-populated\">\n\t\t\t\t\t\t\t\t<div class=\"elementor-element elementor-element-7f62a075 elementor-widget elementor-widget-heading bdevs-el heading\" data-id=\"7f62a075\" data-element_type=\"widget\" data-settings=\"{&quot;design_style&quot;:&quot;style_1&quot;}\" data-widget_type=\"heading.default\">\n\t\t\t\t<div class=\"elementor-widget-container\">\n\t\t\t<style>\/*! elementor - v3.18.0 - 08-12-2023 *\/\n.elementor-heading-title{padding:0;margin:0;line-height:1}.elementor-widget-heading .elementor-heading-title[class*=elementor-size-]>a{color:inherit;font-size:inherit;line-height:inherit}.elementor-widget-heading .elementor-heading-title.elementor-size-small{font-size:15px}.elementor-widget-heading .elementor-heading-title.elementor-size-medium{font-size:19px}.elementor-widget-heading .elementor-heading-title.elementor-size-large{font-size:29px}.elementor-widget-heading .elementor-heading-title.elementor-size-xl{font-size:39px}.elementor-widget-heading .elementor-heading-title.elementor-size-xxl{font-size:59px}<\/style>\r\n        \r\n        <div class=\"section-title text-center pos-rel\">\r\n            <div class=\"section-text pos-rel\">\r\n                \r\n                <h1 class=\"section-title shape\">Our team<span>.<\/span><\/h1>                \r\n                            <\/div>\r\n        <\/div>\r\n        \r\n        \r\n        \t\t<\/div>\n\t\t\t\t<\/div>\n\t\t\t\t<section class=\"elementor-section elementor-inner-section elementor-element elementor-element-5f5e56c elementor-section-full_width elementor-section-height-default elementor-section-height-default\" data-id=\"5f5e56c\" data-element_type=\"section\">\n\t\t\t\t\t\t<div class=\"elementor-container elementor-column-gap-no\">\n\t\t\t\t\t<div class=\"elementor-column elementor-col-100 elementor-inner-column elementor-element elementor-element-6ffc8e8d\" data-id=\"6ffc8e8d\" data-element_type=\"column\">\n\t\t\t<div class=\"elementor-widget-wrap elementor-element-populated\">\n\t\t\t\t\t\t\t\t<div class=\"elementor-element elementor-element-2564f65 elementor-widget elementor-widget-member_slider bdevs-el member_slider\" data-id=\"2564f65\" data-element_type=\"widget\" data-settings=\"{&quot;design_style&quot;:&quot;style_2&quot;,&quot;animation_speed&quot;:300,&quot;autoplay&quot;:&quot;yes&quot;,&quot;autoplay_speed&quot;:3000,&quot;loop&quot;:&quot;yes&quot;,&quot;navigation&quot;:&quot;arrow&quot;}\" data-widget_type=\"member_slider.default\">\n\t\t\t\t<div class=\"elementor-widget-container\">\n\t\t\t\r\n        <section class=\"team-area\">\r\n        <div class=\"container\">\r\n            <div class=\"row\">\r\n                                <div class=\"col-xl-4 col-lg-4 col-md-6\">\r\n                    <div class=\"team-wrapper team-box-2 text-center mb-30\">\r\n                        <div class=\"team-thumb\">\r\n                                                        <img decoding=\"async\" src=\"https:\/\/archifamily.rs\/wp-content\/uploads\/2022\/09\/Tim.jpg\" alt=\"\">\r\n                                                                                    <div class=\"team-social-profile\">\r\n                                <ul>\r\n                                      \r\n\r\n                                                                        <li><a href=\"mailto:http:\/\/ljubomir.jovanovic@archifamily.rs\"><i class=\"fal fa-envelope\"><\/i><\/a><\/li>\r\n                                      \r\n\r\n                                                                        <li><a href=\"tell:http:\/\/ 38163207002\"><i class=\"fas fa-phone\"><\/i><\/a><\/li>\r\n                                      \r\n\r\n                                    \r\n                                    \r\n                                    \r\n                                    \r\n                                    \r\n                                    \r\n                                    \r\n                                    \r\n                                    \r\n                                    \r\n                                    \r\n                                                                    <\/ul>\r\n                            <\/div>\r\n                                                    <\/div>\r\n                        <div class=\"team-member-info mt-35 mb-25\">\r\n                            <h3 class=\"team-title\"><a href=\"\">Ljubomir Jovanovi\u0107 <\/a><\/h3>                                                        <h6 class=\"f-500 text-up-case letter-spacing pink-color designation\">dipl.in\u017e.arh.<\/h6>\r\n                            \r\n                                                        <p class=\"mt-15\">Telefon: <strong>063 207 002 <\/strong><br>\nE-mail: <strong>ljubomir.jovanovic@archifamily.rs<\/strong><\/p>\r\n                                                    <\/div>\r\n                    <\/div>\r\n                <\/div>\r\n                                <div class=\"col-xl-4 col-lg-4 col-md-6\">\r\n                    <div class=\"team-wrapper team-box-2 text-center mb-30\">\r\n                        <div class=\"team-thumb\">\r\n                                                        <img decoding=\"async\" src=\"https:\/\/archifamily.rs\/wp-content\/uploads\/2022\/09\/Tim.jpg\" alt=\"\">\r\n                                                                                    <div class=\"team-social-profile\">\r\n                                <ul>\r\n                                      \r\n\r\n                                                                        <li><a href=\"mailto:http:\/\/ivan.jovanovic@archifamily.rs\"><i class=\"fal fa-envelope\"><\/i><\/a><\/li>\r\n                                      \r\n\r\n                                                                        <li><a href=\"tell:http:\/\/ 381628932164\"><i class=\"fas fa-phone\"><\/i><\/a><\/li>\r\n                                      \r\n\r\n                                    \r\n                                    \r\n                                    \r\n                                    \r\n                                    \r\n                                    \r\n                                    \r\n                                    \r\n                                    \r\n                                    \r\n                                    \r\n                                                                    <\/ul>\r\n                            <\/div>\r\n                                                    <\/div>\r\n                        <div class=\"team-member-info mt-35 mb-25\">\r\n                            <h3 class=\"team-title\"><a href=\"\">Ivan Jovanovi\u0107 <\/a><\/h3>                                                        <h6 class=\"f-500 text-up-case letter-spacing pink-color designation\">mast.in\u017e.arh.<\/h6>\r\n                            \r\n                                                        <p class=\"mt-15\">Telelefon:<strong> 062 89 32 164<\/strong><br> E-mail: <strong>ivan.jovanovic@archifamily.rs<\/strong><\/p>\r\n                                                    <\/div>\r\n                    <\/div>\r\n                <\/div>\r\n                                <div class=\"col-xl-4 col-lg-4 col-md-6\">\r\n                    <div class=\"team-wrapper team-box-2 text-center mb-30\">\r\n                        <div class=\"team-thumb\">\r\n                                                        <img decoding=\"async\" src=\"https:\/\/archifamily.rs\/wp-content\/uploads\/2022\/09\/Tim.jpg\" alt=\"\">\r\n                                                                                    <div class=\"team-social-profile\">\r\n                                <ul>\r\n                                      \r\n\r\n                                                                        <li><a href=\"mailto:http:\/\/jovan.jovanovic@archifamily.rs\"><i class=\"fal fa-envelope\"><\/i><\/a><\/li>\r\n                                      \r\n\r\n                                                                        <li><a href=\"tell:http:\/\/ 381637297427\"><i class=\"fas fa-phone\"><\/i><\/a><\/li>\r\n                                      \r\n\r\n                                    \r\n                                    \r\n                                    \r\n                                    \r\n                                    \r\n                                    \r\n                                    \r\n                                    \r\n                                    \r\n                                    \r\n                                    \r\n                                                                    <\/ul>\r\n                            <\/div>\r\n                                                    <\/div>\r\n                        <div class=\"team-member-info mt-35 mb-25\">\r\n                            <h3 class=\"team-title\"><a href=\"\">Jovan Jovanovi\u0107 <\/a><\/h3>                                                        <h6 class=\"f-500 text-up-case letter-spacing pink-color designation\">mast.in\u017e.arh. <\/h6>\r\n                            \r\n                                                        <p class=\"mt-15\">Telefon:<strong> 063 729 74 27<\/strong><br> E-mail: <strong>jovan.jovanovic@archifamily.rs<\/strong><\/p>\r\n                                                    <\/div>\r\n                    <\/div>\r\n                <\/div>\r\n                            <\/div>\r\n        <\/div>\r\n    <\/section>\r\n\r\n        <!-- style 2 -->\r\n        \r\n\r\n        \t\t<\/div>\n\t\t\t\t<\/div>\n\t\t\t\t\t<\/div>\n\t\t<\/div>\n\t\t\t\t\t\t\t<\/div>\n\t\t<\/section>\n\t\t\t\t\t<\/div>\n\t\t<\/div>\n\t\t\t\t\t\t\t<\/div>\n\t\t<\/section>\n\t\t\t\t\t\t\t<\/div>","protected":false},"excerpt":{"rendered":"<p>O nama JEDNA PORODI\u010cNA PRI\u010cA. Archifamily d.o.o. je firma osnovana u Beogradu, 2020. godine , \u010diji su osniva\u010di 3 in\u017eenjera arhitekture: Ljubomir Jovanovi\u0107 , Ivan Jovanovi\u0107 i kao najmla\u0111i \u010dlan Jovan Jovanovi\u0107. Stambeno \u2013 poslovni objekat u ulici Patrijarha Gavrila broj 10, u neposrednoj blizini Vukovog spomenika, projektovan je i izveden u periodu od 2012. [&hellip;]<\/p>","protected":false},"author":1,"featured_media":0,"parent":0,"menu_order":0,"comment_status":"closed","ping_status":"closed","template":"elementor_header_footer","meta":{"footnotes":""},"class_list":["post-541","page","type-page","status-publish","hentry"],"acf":[],"_links":{"self":[{"href":"https:\/\/archifamily.rs\/en\/wp-json\/wp\/v2\/pages\/541","targetHints":{"allow":["GET"]}}],"collection":[{"href":"https:\/\/archifamily.rs\/en\/wp-json\/wp\/v2\/pages"}],"about":[{"href":"https:\/\/archifamily.rs\/en\/wp-json\/wp\/v2\/types\/page"}],"author":[{"embeddable":true,"href":"https:\/\/archifamily.rs\/en\/wp-json\/wp\/v2\/users\/1"}],"replies":[{"embeddable":true,"href":"https:\/\/archifamily.rs\/en\/wp-json\/wp\/v2\/comments?post=541"}],"version-history":[{"count":53,"href":"https:\/\/archifamily.rs\/en\/wp-json\/wp\/v2\/pages\/541\/revisions"}],"predecessor-version":[{"id":1423,"href":"https:\/\/archifamily.rs\/en\/wp-json\/wp\/v2\/pages\/541\/revisions\/1423"}],"wp:attachment":[{"href":"https:\/\/archifamily.rs\/en\/wp-json\/wp\/v2\/media?parent=541"}],"curies":[{"name":"wp","href":"https:\/\/api.w.org\/{rel}","templated":true}]}}